{"id":207,"date":"2022-08-09T10:10:08","date_gmt":"2022-08-09T10:10:08","guid":{"rendered":"https:\/\/gicis.site\/?page_id=207"},"modified":"2022-12-06T20:24:39","modified_gmt":"2022-12-06T20:24:39","slug":"integrantes","status":"publish","type":"page","link":"https:\/\/gicis.site\/?page_id=207","title":{"rendered":"Integrantes"},"content":{"rendered":"\n<p><strong>Directora<\/strong><\/p>\n\n\n\n<p>Prof. Em\u00e9rita CONFORTI, N\u00e9lida Noem\u00ed<\/p>\n\n\n\n<p><strong>Co-directora<\/strong><\/p>\n\n\n\n<p>Esp. VARELA, Mar\u00eda Segunda <\/p>\n\n\n\n<p><strong>Integrantes:<\/strong><\/p>\n\n\n\n<p>BADOZA, Florencia Alejandra<\/p>\n\n\n\n<p>BAZ\u00c1N, Irene Olga del Valle<\/p>\n\n\n\n<p>CALO, Paula Carola<\/p>\n\n\n\n<p>CONFORTI, N\u00e9lida Noem\u00ed<\/p>\n\n\n\n<p>DIAZ, Cecilia<\/p>\n\n\n\n<p>ERNAGA, Mercedes Mabel<\/p>\n\n\n\n<p>ESTRUCH, Mar\u00eda Elena<\/p>\n\n\n\n<p>GO\u00d1I DE BENEDITTIS, Sabrina Soledad<\/p>\n\n\n\n<p>MORENO, Mar\u00eda Monserrat<\/p>\n\n\n\n<p>PALACIOS, Claudia Marisol<\/p>\n\n\n\n<p>ROJAS, Mar\u00eda Carolina<\/p>\n\n\n\n<p>SCHVINDT DURAND, Carlos Guillermo<\/p>\n\n\n\n<p>VARELA, Mar\u00eda Segunda<\/p>\n\n\n\n<p><\/p>\n","protected":false},"excerpt":{"rendered":"<p>Directora Prof. Em\u00e9rita CONFORTI, N\u00e9lida Noem\u00ed Co-directora Esp. VARELA, Mar\u00eda Segunda Integrantes: BADOZA, Florencia Alejandra BAZ\u00c1N, Irene Olga del Valle CALO, Paula Carola CONFORTI, N\u00e9lida&hellip; <\/p>\n","protected":false},"author":1,"featured_media":0,"parent":0,"menu_order":0,"comment_status":"closed","ping_status":"closed","template":"","meta":[],"_links":{"self":[{"href":"https:\/\/gicis.site\/index.php?rest_route=\/wp\/v2\/pages\/207"}],"collection":[{"href":"https:\/\/gicis.site\/index.php?rest_route=\/wp\/v2\/pages"}],"about":[{"href":"https:\/\/gicis.site\/index.php?rest_route=\/wp\/v2\/types\/page"}],"author":[{"embeddable":true,"href":"https:\/\/gicis.site\/index.php?rest_route=\/wp\/v2\/users\/1"}],"replies":[{"embeddable":true,"href":"https:\/\/gicis.site\/index.php?rest_route=%2Fwp%2Fv2%2Fcomments&post=207"}],"version-history":[{"count":15,"href":"https:\/\/gicis.site\/index.php?rest_route=\/wp\/v2\/pages\/207\/revisions"}],"predecessor-version":[{"id":339,"href":"https:\/\/gicis.site\/index.php?rest_route=\/wp\/v2\/pages\/207\/revisions\/339"}],"wp:attachment":[{"href":"https:\/\/gicis.site\/index.php?rest_route=%2Fwp%2Fv2%2Fmedia&parent=207"}],"curies":[{"name":"wp","href":"https:\/\/api.w.org\/{rel}","templated":true}]}}